{"id":2247,"date":"2025-05-06T13:14:13","date_gmt":"2025-05-06T12:14:13","guid":{"rendered":"https:\/\/olaisen.se\/deckarbiten\/?post_type=product&#038;p=2247"},"modified":"2025-08-28T09:54:56","modified_gmt":"2025-08-28T08:54:56","slug":"wynne-anthony-the-fourth-finger","status":"publish","type":"product","link":"https:\/\/olaisen.se\/deckarbiten\/produkt\/wynne-anthony-the-fourth-finger\/","title":{"rendered":"Wynne, Anthony: THE FOURTH FINGER."},"content":{"rendered":"<p>Hutchinson u\u00e5. 2\/- edition, 11th thousand.<br \/>\n288s, inbunden, sned, s127-128 loss, p\u00e5 engelska.<br \/>\n<i>Fr\u00e5n G\u00f6sta Gillbergs bibliotek.<\/i><\/p>\n","protected":false},"excerpt":{"rendered":"<p>Hutchinson u\u00e5. 2\/- edition, 11th thousand. 288s, inbunden, sned, s127-128 loss, p\u00e5 engelska. Fr\u00e5n G\u00f6sta Gillbergs bibliotek.<\/p>\n","protected":false},"featured_media":2248,"template":"","meta":[],"product_brand":[],"product_cat":[15,73],"product_tag":[],"class_list":{"0":"post-2247","1":"product","2":"type-product","3":"status-publish","4":"has-post-thumbnail","6":"product_cat-hela-lagret","7":"product_cat-krim","9":"first","10":"instock","11":"sold-individually","12":"shipping-taxable","13":"purchasable","14":"product-type-simple"},"_links":{"self":[{"href":"https:\/\/olaisen.se\/deckarbiten\/wp-json\/wp\/v2\/product\/2247","targetHints":{"allow":["GET"]}}],"collection":[{"href":"https:\/\/olaisen.se\/deckarbiten\/wp-json\/wp\/v2\/product"}],"about":[{"href":"https:\/\/olaisen.se\/deckarbiten\/wp-json\/wp\/v2\/types\/product"}],"wp:featuredmedia":[{"embeddable":true,"href":"https:\/\/olaisen.se\/deckarbiten\/wp-json\/wp\/v2\/media\/2248"}],"wp:attachment":[{"href":"https:\/\/olaisen.se\/deckarbiten\/wp-json\/wp\/v2\/media?parent=2247"}],"wp:term":[{"taxonomy":"product_brand","embeddable":true,"href":"https:\/\/olaisen.se\/deckarbiten\/wp-json\/wp\/v2\/product_brand?post=2247"},{"taxonomy":"product_cat","embeddable":true,"href":"https:\/\/olaisen.se\/deckarbiten\/wp-json\/wp\/v2\/product_cat?post=2247"},{"taxonomy":"product_tag","embeddable":true,"href":"https:\/\/olaisen.se\/deckarbiten\/wp-json\/wp\/v2\/product_tag?post=2247"}],"curies":[{"name":"wp","href":"https:\/\/api.w.org\/{rel}","templated":true}]}}