{"id":2249,"date":"2025-05-06T13:15:55","date_gmt":"2025-05-06T12:15:55","guid":{"rendered":"https:\/\/olaisen.se\/deckarbiten\/?post_type=product&#038;p=2249"},"modified":"2025-08-28T09:54:48","modified_gmt":"2025-08-28T08:54:48","slug":"hodgson-william-hope-huset-vid-avgrunden-the-house-on-the-borderland","status":"publish","type":"product","link":"https:\/\/olaisen.se\/deckarbiten\/produkt\/hodgson-william-hope-huset-vid-avgrunden-the-house-on-the-borderland\/","title":{"rendered":"Hodgson, William Hope: HUSET VID AVGRUNDEN [The house on the borderland]."},"content":{"rendered":"<p>B. Wahlstr\u00f6ms 1982. F\u00f6rsta svenska upplagan.<br \/>\n156+4s, ngt n\u00f6tt pocket, ryggr\u00e4nder, ngt blekt rygg, svagt sned. \/ Kalla k\u00e5rar 70.<\/p>\n","protected":false},"excerpt":{"rendered":"<p>B. Wahlstr\u00f6ms 1982. F\u00f6rsta svenska upplagan. 156+4s, ngt n\u00f6tt pocket, ryggr\u00e4nder, ngt blekt rygg, svagt sned. \/ Kalla k\u00e5rar 70.<\/p>\n","protected":false},"featured_media":2250,"template":"","meta":[],"product_brand":[],"product_cat":[74,15],"product_tag":[],"class_list":{"0":"post-2249","1":"product","2":"type-product","3":"status-publish","4":"has-post-thumbnail","6":"product_cat-fantastik","7":"product_cat-hela-lagret","9":"first","10":"instock","11":"sold-individually","12":"shipping-taxable","13":"purchasable","14":"product-type-simple"},"_links":{"self":[{"href":"https:\/\/olaisen.se\/deckarbiten\/wp-json\/wp\/v2\/product\/2249","targetHints":{"allow":["GET"]}}],"collection":[{"href":"https:\/\/olaisen.se\/deckarbiten\/wp-json\/wp\/v2\/product"}],"about":[{"href":"https:\/\/olaisen.se\/deckarbiten\/wp-json\/wp\/v2\/types\/product"}],"wp:featuredmedia":[{"embeddable":true,"href":"https:\/\/olaisen.se\/deckarbiten\/wp-json\/wp\/v2\/media\/2250"}],"wp:attachment":[{"href":"https:\/\/olaisen.se\/deckarbiten\/wp-json\/wp\/v2\/media?parent=2249"}],"wp:term":[{"taxonomy":"product_brand","embeddable":true,"href":"https:\/\/olaisen.se\/deckarbiten\/wp-json\/wp\/v2\/product_brand?post=2249"},{"taxonomy":"product_cat","embeddable":true,"href":"https:\/\/olaisen.se\/deckarbiten\/wp-json\/wp\/v2\/product_cat?post=2249"},{"taxonomy":"product_tag","embeddable":true,"href":"https:\/\/olaisen.se\/deckarbiten\/wp-json\/wp\/v2\/product_tag?post=2249"}],"curies":[{"name":"wp","href":"https:\/\/api.w.org\/{rel}","templated":true}]}}