{"id":2253,"date":"2025-05-06T13:22:04","date_gmt":"2025-05-06T12:22:04","guid":{"rendered":"https:\/\/olaisen.se\/deckarbiten\/?post_type=product&#038;p=2253"},"modified":"2025-08-28T09:54:12","modified_gmt":"2025-08-28T08:54:12","slug":"dickinson-peter-one-foot-in-the-grave","status":"publish","type":"product","link":"https:\/\/olaisen.se\/deckarbiten\/produkt\/dickinson-peter-one-foot-in-the-grave\/","title":{"rendered":"Dickinson, Peter: ONE FOOT IN THE GRAVE."},"content":{"rendered":"<p>Hodder &#038; Stoughton \u00a9 1979.<br \/>\n191+1s, inbunden m ngt n\u00f6tt ej prisklippt \u00a34.95 skyddsomslag, p\u00e5 engelska.<br \/>\n<i>Fr\u00e5n G\u00f6sta Gillbergs bibliotek.<\/i><\/p>\n","protected":false},"excerpt":{"rendered":"<p>Hodder &#038; Stoughton \u00a9 1979. 191+1s, inbunden m ngt n\u00f6tt ej prisklippt \u00a34.95 skyddsomslag, p\u00e5 engelska. Fr\u00e5n G\u00f6sta Gillbergs bibliotek.<\/p>\n","protected":false},"featured_media":2254,"template":"","meta":[],"product_brand":[],"product_cat":[15,73],"product_tag":[],"class_list":{"0":"post-2253","1":"product","2":"type-product","3":"status-publish","4":"has-post-thumbnail","6":"product_cat-hela-lagret","7":"product_cat-krim","9":"first","10":"instock","11":"sold-individually","12":"shipping-taxable","13":"purchasable","14":"product-type-simple"},"_links":{"self":[{"href":"https:\/\/olaisen.se\/deckarbiten\/wp-json\/wp\/v2\/product\/2253","targetHints":{"allow":["GET"]}}],"collection":[{"href":"https:\/\/olaisen.se\/deckarbiten\/wp-json\/wp\/v2\/product"}],"about":[{"href":"https:\/\/olaisen.se\/deckarbiten\/wp-json\/wp\/v2\/types\/product"}],"wp:featuredmedia":[{"embeddable":true,"href":"https:\/\/olaisen.se\/deckarbiten\/wp-json\/wp\/v2\/media\/2254"}],"wp:attachment":[{"href":"https:\/\/olaisen.se\/deckarbiten\/wp-json\/wp\/v2\/media?parent=2253"}],"wp:term":[{"taxonomy":"product_brand","embeddable":true,"href":"https:\/\/olaisen.se\/deckarbiten\/wp-json\/wp\/v2\/product_brand?post=2253"},{"taxonomy":"product_cat","embeddable":true,"href":"https:\/\/olaisen.se\/deckarbiten\/wp-json\/wp\/v2\/product_cat?post=2253"},{"taxonomy":"product_tag","embeddable":true,"href":"https:\/\/olaisen.se\/deckarbiten\/wp-json\/wp\/v2\/product_tag?post=2253"}],"curies":[{"name":"wp","href":"https:\/\/api.w.org\/{rel}","templated":true}]}}