{"id":2255,"date":"2025-05-06T13:23:21","date_gmt":"2025-05-06T12:23:21","guid":{"rendered":"https:\/\/olaisen.se\/deckarbiten\/?post_type=product&#038;p=2255"},"modified":"2025-05-06T13:23:21","modified_gmt":"2025-05-06T12:23:21","slug":"goodchild-george-hurricane-tex","status":"publish","type":"product","link":"https:\/\/olaisen.se\/deckarbiten\/produkt\/goodchild-george-hurricane-tex\/","title":{"rendered":"Goodchild, George: HURRICANE TEX."},"content":{"rendered":"<p>Hodder &#038; Stoughton 1936, 5th edition.<br \/>\n320s, inbunden m n\u00f6tt skyddsomslag m avtagbar skyddsplast, p\u00e4rmens rygg blekt o delvis fl\u00e4ckigt o kanterna delvis blekta, s119-120 m brytveck o liten pappersskada, p\u00e5 engelska.<br \/>\n<i>Fr\u00e5n G\u00f6sta Gillbergs bibliotek.<\/i><\/p>\n","protected":false},"excerpt":{"rendered":"<p>Hodder &#038; Stoughton 1936, 5th edition. 320s, inbunden m n\u00f6tt skyddsomslag m avtagbar skyddsplast, p\u00e4rmens rygg blekt o delvis fl\u00e4ckigt o kanterna delvis blekta, s119-120 m brytveck o liten pappersskada, p\u00e5 engelska. Fr\u00e5n G\u00f6sta Gillbergs bibliotek.<\/p>\n","protected":false},"featured_media":2256,"template":"","meta":[],"product_brand":[],"product_cat":[15],"product_tag":[],"class_list":{"0":"post-2255","1":"product","2":"type-product","3":"status-publish","4":"has-post-thumbnail","6":"product_cat-hela-lagret","8":"first","9":"instock","10":"sold-individually","11":"shipping-taxable","12":"purchasable","13":"product-type-simple"},"_links":{"self":[{"href":"https:\/\/olaisen.se\/deckarbiten\/wp-json\/wp\/v2\/product\/2255","targetHints":{"allow":["GET"]}}],"collection":[{"href":"https:\/\/olaisen.se\/deckarbiten\/wp-json\/wp\/v2\/product"}],"about":[{"href":"https:\/\/olaisen.se\/deckarbiten\/wp-json\/wp\/v2\/types\/product"}],"wp:featuredmedia":[{"embeddable":true,"href":"https:\/\/olaisen.se\/deckarbiten\/wp-json\/wp\/v2\/media\/2256"}],"wp:attachment":[{"href":"https:\/\/olaisen.se\/deckarbiten\/wp-json\/wp\/v2\/media?parent=2255"}],"wp:term":[{"taxonomy":"product_brand","embeddable":true,"href":"https:\/\/olaisen.se\/deckarbiten\/wp-json\/wp\/v2\/product_brand?post=2255"},{"taxonomy":"product_cat","embeddable":true,"href":"https:\/\/olaisen.se\/deckarbiten\/wp-json\/wp\/v2\/product_cat?post=2255"},{"taxonomy":"product_tag","embeddable":true,"href":"https:\/\/olaisen.se\/deckarbiten\/wp-json\/wp\/v2\/product_tag?post=2255"}],"curies":[{"name":"wp","href":"https:\/\/api.w.org\/{rel}","templated":true}]}}