{"id":2267,"date":"2025-05-14T15:04:47","date_gmt":"2025-05-14T14:04:47","guid":{"rendered":"https:\/\/olaisen.se\/deckarbiten\/?post_type=product&#038;p=2267"},"modified":"2025-08-28T09:52:59","modified_gmt":"2025-08-28T08:52:59","slug":"rune-k-g-den-roda-fjadern","status":"publish","type":"product","link":"https:\/\/olaisen.se\/deckarbiten\/produkt\/rune-k-g-den-roda-fjadern\/","title":{"rendered":"Rune, K. G.: DEN R\u00d6DA FJ\u00c4DERN."},"content":{"rendered":"<p>Wahlstr\u00f6m &#038; Widstrand 1926.<br \/>\n183s, h\u00e4ftad, liten kulspetsnotering f\u00f6rtitel.<\/p>\n","protected":false},"excerpt":{"rendered":"<p>Wahlstr\u00f6m &#038; Widstrand 1926. 183s, h\u00e4ftad, liten kulspetsnotering f\u00f6rtitel.<\/p>\n","protected":false},"featured_media":2268,"template":"","meta":[],"product_brand":[],"product_cat":[15,73],"product_tag":[],"class_list":{"0":"post-2267","1":"product","2":"type-product","3":"status-publish","4":"has-post-thumbnail","6":"product_cat-hela-lagret","7":"product_cat-krim","9":"first","10":"instock","11":"sold-individually","12":"shipping-taxable","13":"purchasable","14":"product-type-simple"},"_links":{"self":[{"href":"https:\/\/olaisen.se\/deckarbiten\/wp-json\/wp\/v2\/product\/2267","targetHints":{"allow":["GET"]}}],"collection":[{"href":"https:\/\/olaisen.se\/deckarbiten\/wp-json\/wp\/v2\/product"}],"about":[{"href":"https:\/\/olaisen.se\/deckarbiten\/wp-json\/wp\/v2\/types\/product"}],"wp:featuredmedia":[{"embeddable":true,"href":"https:\/\/olaisen.se\/deckarbiten\/wp-json\/wp\/v2\/media\/2268"}],"wp:attachment":[{"href":"https:\/\/olaisen.se\/deckarbiten\/wp-json\/wp\/v2\/media?parent=2267"}],"wp:term":[{"taxonomy":"product_brand","embeddable":true,"href":"https:\/\/olaisen.se\/deckarbiten\/wp-json\/wp\/v2\/product_brand?post=2267"},{"taxonomy":"product_cat","embeddable":true,"href":"https:\/\/olaisen.se\/deckarbiten\/wp-json\/wp\/v2\/product_cat?post=2267"},{"taxonomy":"product_tag","embeddable":true,"href":"https:\/\/olaisen.se\/deckarbiten\/wp-json\/wp\/v2\/product_tag?post=2267"}],"curies":[{"name":"wp","href":"https:\/\/api.w.org\/{rel}","templated":true}]}}