{"id":2275,"date":"2025-05-14T15:10:34","date_gmt":"2025-05-14T14:10:34","guid":{"rendered":"https:\/\/olaisen.se\/deckarbiten\/?post_type=product&#038;p=2275"},"modified":"2025-08-28T09:52:33","modified_gmt":"2025-08-28T08:52:33","slug":"james-p-d-shroud-for-a-nightingale","status":"publish","type":"product","link":"https:\/\/olaisen.se\/deckarbiten\/produkt\/james-p-d-shroud-for-a-nightingale\/","title":{"rendered":"James, P. D.: SHROUD FOR A NIGHTINGALE."},"content":{"rendered":"<p>Faber 1971, reprint.<br \/>\n296s, inbunden, blekt rygg o del av bakre p\u00e4rm, exlibris, bokhandelsetikett, ngt n\u00f6tt i \u00f6vrigt, p\u00e5 engelska.<\/p>\n","protected":false},"excerpt":{"rendered":"<p>Faber 1971, reprint. 296s, inbunden, blekt rygg o del av bakre p\u00e4rm, exlibris, bokhandelsetikett, ngt n\u00f6tt i \u00f6vrigt, p\u00e5 engelska.<\/p>\n","protected":false},"featured_media":2276,"template":"","meta":[],"product_brand":[],"product_cat":[15,73],"product_tag":[],"class_list":{"0":"post-2275","1":"product","2":"type-product","3":"status-publish","4":"has-post-thumbnail","6":"product_cat-hela-lagret","7":"product_cat-krim","9":"first","10":"instock","11":"sold-individually","12":"shipping-taxable","13":"purchasable","14":"product-type-simple"},"_links":{"self":[{"href":"https:\/\/olaisen.se\/deckarbiten\/wp-json\/wp\/v2\/product\/2275","targetHints":{"allow":["GET"]}}],"collection":[{"href":"https:\/\/olaisen.se\/deckarbiten\/wp-json\/wp\/v2\/product"}],"about":[{"href":"https:\/\/olaisen.se\/deckarbiten\/wp-json\/wp\/v2\/types\/product"}],"wp:featuredmedia":[{"embeddable":true,"href":"https:\/\/olaisen.se\/deckarbiten\/wp-json\/wp\/v2\/media\/2276"}],"wp:attachment":[{"href":"https:\/\/olaisen.se\/deckarbiten\/wp-json\/wp\/v2\/media?parent=2275"}],"wp:term":[{"taxonomy":"product_brand","embeddable":true,"href":"https:\/\/olaisen.se\/deckarbiten\/wp-json\/wp\/v2\/product_brand?post=2275"},{"taxonomy":"product_cat","embeddable":true,"href":"https:\/\/olaisen.se\/deckarbiten\/wp-json\/wp\/v2\/product_cat?post=2275"},{"taxonomy":"product_tag","embeddable":true,"href":"https:\/\/olaisen.se\/deckarbiten\/wp-json\/wp\/v2\/product_tag?post=2275"}],"curies":[{"name":"wp","href":"https:\/\/api.w.org\/{rel}","templated":true}]}}