{"id":2306,"date":"2025-08-28T07:48:43","date_gmt":"2025-08-28T06:48:43","guid":{"rendered":"https:\/\/olaisen.se\/deckarbiten\/?post_type=product&#038;p=2306"},"modified":"2025-08-28T09:50:54","modified_gmt":"2025-08-28T08:50:54","slug":"hunter-evan-ed-mcbain-cop-hater","status":"publish","type":"product","link":"https:\/\/olaisen.se\/deckarbiten\/produkt\/hunter-evan-ed-mcbain-cop-hater\/","title":{"rendered":"Hunter, Evan (Ed McBain): COP HATER."},"content":{"rendered":"<p>Permabooks M3037, 1956, 1st US ed.<br \/>\n166+2s, svagt sned pocket, ngt n\u00f6tt rygg m sm\u00e4rre revor, p\u00e5 engelska.<br \/>\n<i>F\u00f6rsta boken om 87:e i amerikansk f\u00f6rstaupplaga.<\/i><\/p>\n","protected":false},"excerpt":{"rendered":"<p>Permabooks M3037, 1956, 1st US ed. 166+2s, svagt sned pocket, ngt n\u00f6tt rygg m sm\u00e4rre revor, p\u00e5 engelska. F\u00f6rsta boken om 87:e i amerikansk f\u00f6rstaupplaga.<\/p>\n","protected":false},"featured_media":2307,"template":"","meta":[],"product_brand":[],"product_cat":[15,73],"product_tag":[],"class_list":{"0":"post-2306","1":"product","2":"type-product","3":"status-publish","4":"has-post-thumbnail","6":"product_cat-hela-lagret","7":"product_cat-krim","9":"first","10":"instock","11":"sold-individually","12":"shipping-taxable","13":"purchasable","14":"product-type-simple"},"_links":{"self":[{"href":"https:\/\/olaisen.se\/deckarbiten\/wp-json\/wp\/v2\/product\/2306","targetHints":{"allow":["GET"]}}],"collection":[{"href":"https:\/\/olaisen.se\/deckarbiten\/wp-json\/wp\/v2\/product"}],"about":[{"href":"https:\/\/olaisen.se\/deckarbiten\/wp-json\/wp\/v2\/types\/product"}],"wp:featuredmedia":[{"embeddable":true,"href":"https:\/\/olaisen.se\/deckarbiten\/wp-json\/wp\/v2\/media\/2307"}],"wp:attachment":[{"href":"https:\/\/olaisen.se\/deckarbiten\/wp-json\/wp\/v2\/media?parent=2306"}],"wp:term":[{"taxonomy":"product_brand","embeddable":true,"href":"https:\/\/olaisen.se\/deckarbiten\/wp-json\/wp\/v2\/product_brand?post=2306"},{"taxonomy":"product_cat","embeddable":true,"href":"https:\/\/olaisen.se\/deckarbiten\/wp-json\/wp\/v2\/product_cat?post=2306"},{"taxonomy":"product_tag","embeddable":true,"href":"https:\/\/olaisen.se\/deckarbiten\/wp-json\/wp\/v2\/product_tag?post=2306"}],"curies":[{"name":"wp","href":"https:\/\/api.w.org\/{rel}","templated":true}]}}