{"id":2308,"date":"2025-08-28T07:50:35","date_gmt":"2025-08-28T06:50:35","guid":{"rendered":"https:\/\/olaisen.se\/deckarbiten\/?post_type=product&#038;p=2308"},"modified":"2025-08-28T09:50:48","modified_gmt":"2025-08-28T08:50:48","slug":"myers-isabel-briggs-murder-yet-to-come","status":"publish","type":"product","link":"https:\/\/olaisen.se\/deckarbiten\/produkt\/myers-isabel-briggs-murder-yet-to-come\/","title":{"rendered":"Myers, Isabel Briggs: MURDER YET TO COME."},"content":{"rendered":"<p>Tauchnitz 4933, 1930.<br \/>\n286+1s, h\u00e4ftad, sned, n\u00f6tt, f\u00f6rlagsreklam daterad april 1930 och sista numret \u00e4r 4932 &#8217;Murder at the nook&#8217; av A. Fielding, p\u00e5 engelska.<\/p>\n","protected":false},"excerpt":{"rendered":"<p>Tauchnitz 4933, 1930. 286+1s, h\u00e4ftad, sned, n\u00f6tt, f\u00f6rlagsreklam daterad april 1930 och sista numret \u00e4r 4932 &#8217;Murder at the nook&#8217; av A. Fielding, p\u00e5 engelska.<\/p>\n","protected":false},"featured_media":2309,"template":"","meta":[],"product_brand":[],"product_cat":[15,73],"product_tag":[],"class_list":{"0":"post-2308","1":"product","2":"type-product","3":"status-publish","4":"has-post-thumbnail","6":"product_cat-hela-lagret","7":"product_cat-krim","9":"first","10":"instock","11":"sold-individually","12":"shipping-taxable","13":"purchasable","14":"product-type-simple"},"_links":{"self":[{"href":"https:\/\/olaisen.se\/deckarbiten\/wp-json\/wp\/v2\/product\/2308","targetHints":{"allow":["GET"]}}],"collection":[{"href":"https:\/\/olaisen.se\/deckarbiten\/wp-json\/wp\/v2\/product"}],"about":[{"href":"https:\/\/olaisen.se\/deckarbiten\/wp-json\/wp\/v2\/types\/product"}],"wp:featuredmedia":[{"embeddable":true,"href":"https:\/\/olaisen.se\/deckarbiten\/wp-json\/wp\/v2\/media\/2309"}],"wp:attachment":[{"href":"https:\/\/olaisen.se\/deckarbiten\/wp-json\/wp\/v2\/media?parent=2308"}],"wp:term":[{"taxonomy":"product_brand","embeddable":true,"href":"https:\/\/olaisen.se\/deckarbiten\/wp-json\/wp\/v2\/product_brand?post=2308"},{"taxonomy":"product_cat","embeddable":true,"href":"https:\/\/olaisen.se\/deckarbiten\/wp-json\/wp\/v2\/product_cat?post=2308"},{"taxonomy":"product_tag","embeddable":true,"href":"https:\/\/olaisen.se\/deckarbiten\/wp-json\/wp\/v2\/product_tag?post=2308"}],"curies":[{"name":"wp","href":"https:\/\/api.w.org\/{rel}","templated":true}]}}