{"id":2319,"date":"2025-08-28T08:08:27","date_gmt":"2025-08-28T07:08:27","guid":{"rendered":"https:\/\/olaisen.se\/deckarbiten\/?post_type=product&#038;p=2319"},"modified":"2025-08-28T09:49:29","modified_gmt":"2025-08-28T08:49:29","slug":"dahl-roald-fantastic-mr-fox","status":"publish","type":"product","link":"https:\/\/olaisen.se\/deckarbiten\/produkt\/dahl-roald-fantastic-mr-fox\/","title":{"rendered":"Dahl, Roald: FANTASTIC MR FOX."},"content":{"rendered":"<p>George Allen &#038; Unwin 1970, 1st UK ed.<br \/>\n63s, inbunden, exlibris fr\u00e4mre p\u00e4rms insida, n\u00e5gra millimeter skev rygg, p\u00e5 engelska.<br \/>\n<i>Ett mycket fint ex.<\/i><br \/>\n<b>OBS:<\/b> Denna bok m\u00e5ste betalas och h\u00e4mtas i butiken.<\/p>\n","protected":false},"excerpt":{"rendered":"<p>George Allen &#038; Unwin 1970, 1st UK ed. 63s, inbunden, exlibris fr\u00e4mre p\u00e4rms insida, n\u00e5gra millimeter skev rygg, p\u00e5 engelska. Ett mycket fint ex. OBS: Denna bok m\u00e5ste betalas och h\u00e4mtas i butiken.<\/p>\n","protected":false},"featured_media":0,"template":"","meta":[],"product_brand":[],"product_cat":[74,15],"product_tag":[],"class_list":{"0":"post-2319","1":"product","2":"type-product","3":"status-publish","5":"product_cat-fantastik","6":"product_cat-hela-lagret","8":"first","9":"instock","10":"sold-individually","11":"shipping-taxable","12":"purchasable","13":"product-type-simple"},"_links":{"self":[{"href":"https:\/\/olaisen.se\/deckarbiten\/wp-json\/wp\/v2\/product\/2319","targetHints":{"allow":["GET"]}}],"collection":[{"href":"https:\/\/olaisen.se\/deckarbiten\/wp-json\/wp\/v2\/product"}],"about":[{"href":"https:\/\/olaisen.se\/deckarbiten\/wp-json\/wp\/v2\/types\/product"}],"wp:attachment":[{"href":"https:\/\/olaisen.se\/deckarbiten\/wp-json\/wp\/v2\/media?parent=2319"}],"wp:term":[{"taxonomy":"product_brand","embeddable":true,"href":"https:\/\/olaisen.se\/deckarbiten\/wp-json\/wp\/v2\/product_brand?post=2319"},{"taxonomy":"product_cat","embeddable":true,"href":"https:\/\/olaisen.se\/deckarbiten\/wp-json\/wp\/v2\/product_cat?post=2319"},{"taxonomy":"product_tag","embeddable":true,"href":"https:\/\/olaisen.se\/deckarbiten\/wp-json\/wp\/v2\/product_tag?post=2319"}],"curies":[{"name":"wp","href":"https:\/\/api.w.org\/{rel}","templated":true}]}}