{"id":2320,"date":"2025-08-28T08:10:42","date_gmt":"2025-08-28T07:10:42","guid":{"rendered":"https:\/\/olaisen.se\/deckarbiten\/?post_type=product&#038;p=2320"},"modified":"2025-08-28T08:10:42","modified_gmt":"2025-08-28T07:10:42","slug":"engdhal-per-det-finns-alltid-ett-bortom-x-y-z","status":"publish","type":"product","link":"https:\/\/olaisen.se\/deckarbiten\/produkt\/engdhal-per-det-finns-alltid-ett-bortom-x-y-z\/","title":{"rendered":"Engdhal, Per: DET FINNS ALLTID ETT BORTOM. + X &#8230; Y&#8230; Z&#8230;"},"content":{"rendered":"<p>Engdahl, Per<br \/>\nDET FINNS ALLTID ETT BORTOM. Bok &#038; Tidskrift 1973. 169s, h\u00e4ftad, brytveck o m\u00e4rke efter borttagen prislapp fr\u00e4mre omslag, ryggr\u00e4nder.<br \/>\nX&#8230; Y&#8230; Z&#8230; Bok &#038; Tidskrift 1978. 175s, h\u00e4ftad.<br \/>\n<i>Tv\u00e5 sena diktsamlingar av Nysvenska R\u00f6relsens grundare.<\/i><\/p>\n","protected":false},"excerpt":{"rendered":"<p>Engdahl, Per DET FINNS ALLTID ETT BORTOM. Bok &#038; Tidskrift 1973. 169s, h\u00e4ftad, brytveck o m\u00e4rke efter borttagen prislapp fr\u00e4mre omslag, ryggr\u00e4nder. X&#8230; Y&#8230; Z&#8230; Bok &#038; Tidskrift 1978. 175s, h\u00e4ftad. Tv\u00e5 sena diktsamlingar av Nysvenska R\u00f6relsens grundare.<\/p>\n","protected":false},"featured_media":0,"template":"","meta":[],"product_brand":[],"product_cat":[15,75],"product_tag":[],"class_list":{"0":"post-2320","1":"product","2":"type-product","3":"status-publish","5":"product_cat-hela-lagret","6":"product_cat-ovrigt","8":"first","9":"instock","10":"sold-individually","11":"shipping-taxable","12":"purchasable","13":"product-type-simple"},"_links":{"self":[{"href":"https:\/\/olaisen.se\/deckarbiten\/wp-json\/wp\/v2\/product\/2320","targetHints":{"allow":["GET"]}}],"collection":[{"href":"https:\/\/olaisen.se\/deckarbiten\/wp-json\/wp\/v2\/product"}],"about":[{"href":"https:\/\/olaisen.se\/deckarbiten\/wp-json\/wp\/v2\/types\/product"}],"wp:attachment":[{"href":"https:\/\/olaisen.se\/deckarbiten\/wp-json\/wp\/v2\/media?parent=2320"}],"wp:term":[{"taxonomy":"product_brand","embeddable":true,"href":"https:\/\/olaisen.se\/deckarbiten\/wp-json\/wp\/v2\/product_brand?post=2320"},{"taxonomy":"product_cat","embeddable":true,"href":"https:\/\/olaisen.se\/deckarbiten\/wp-json\/wp\/v2\/product_cat?post=2320"},{"taxonomy":"product_tag","embeddable":true,"href":"https:\/\/olaisen.se\/deckarbiten\/wp-json\/wp\/v2\/product_tag?post=2320"}],"curies":[{"name":"wp","href":"https:\/\/api.w.org\/{rel}","templated":true}]}}