{"id":2324,"date":"2025-08-28T09:42:10","date_gmt":"2025-08-28T08:42:10","guid":{"rendered":"https:\/\/olaisen.se\/deckarbiten\/?post_type=product&#038;p=2324"},"modified":"2025-08-28T09:50:06","modified_gmt":"2025-08-28T08:50:06","slug":"levin-ira-rosemarys-baby","status":"publish","type":"product","link":"https:\/\/olaisen.se\/deckarbiten\/produkt\/levin-ira-rosemarys-baby\/","title":{"rendered":"Levin, Ira: ROSEMARY&#8217;S BABY."},"content":{"rendered":"<p>Random House (c) 1967. 1st US ed.<br \/>\n245+3s, inbunden m ej prisklippt $4.95 skyddsomslag (som \u00e4r ngt fl\u00e4ckigt o ngt naggat med en del saknade bitar i anslutning till och i rygghuvudet) i avtagbar skyddsplast, svagt sned o ngt fl\u00e4ckig i \u00f6vrigt, p\u00e5 engelska.<\/p>\n","protected":false},"excerpt":{"rendered":"<p>Random House (c) 1967. 1st US ed. 245+3s, inbunden m ej prisklippt $4.95 skyddsomslag (som \u00e4r ngt fl\u00e4ckigt o ngt naggat med en del saknade bitar i anslutning till och i rygghuvudet) i avtagbar skyddsplast, svagt sned o ngt fl\u00e4ckig i \u00f6vrigt, p\u00e5 engelska.<\/p>\n","protected":false},"featured_media":0,"template":"","meta":[],"product_brand":[],"product_cat":[74,15],"product_tag":[],"class_list":{"0":"post-2324","1":"product","2":"type-product","3":"status-publish","5":"product_cat-fantastik","6":"product_cat-hela-lagret","8":"first","9":"instock","10":"sold-individually","11":"shipping-taxable","12":"purchasable","13":"product-type-simple"},"_links":{"self":[{"href":"https:\/\/olaisen.se\/deckarbiten\/wp-json\/wp\/v2\/product\/2324","targetHints":{"allow":["GET"]}}],"collection":[{"href":"https:\/\/olaisen.se\/deckarbiten\/wp-json\/wp\/v2\/product"}],"about":[{"href":"https:\/\/olaisen.se\/deckarbiten\/wp-json\/wp\/v2\/types\/product"}],"wp:attachment":[{"href":"https:\/\/olaisen.se\/deckarbiten\/wp-json\/wp\/v2\/media?parent=2324"}],"wp:term":[{"taxonomy":"product_brand","embeddable":true,"href":"https:\/\/olaisen.se\/deckarbiten\/wp-json\/wp\/v2\/product_brand?post=2324"},{"taxonomy":"product_cat","embeddable":true,"href":"https:\/\/olaisen.se\/deckarbiten\/wp-json\/wp\/v2\/product_cat?post=2324"},{"taxonomy":"product_tag","embeddable":true,"href":"https:\/\/olaisen.se\/deckarbiten\/wp-json\/wp\/v2\/product_tag?post=2324"}],"curies":[{"name":"wp","href":"https:\/\/api.w.org\/{rel}","templated":true}]}}