{"id":2328,"date":"2025-08-28T09:46:32","date_gmt":"2025-08-28T08:46:32","guid":{"rendered":"https:\/\/olaisen.se\/deckarbiten\/?post_type=product&#038;p=2328"},"modified":"2025-08-28T09:46:32","modified_gmt":"2025-08-28T08:46:32","slug":"rydberg-victor-dimmor-fantasier-och-historier-i-singoalla","status":"publish","type":"product","link":"https:\/\/olaisen.se\/deckarbiten\/produkt\/rydberg-victor-dimmor-fantasier-och-historier-i-singoalla\/","title":{"rendered":"Rydberg, Victor: DIMMOR. FANTASIER OCH HISTORIER [&#8230;] I. SINGOALLA."},"content":{"rendered":"<p>Oscar L. Lamm 1865. F\u00f6rsta separata upplagan.<br \/>\n116s, n\u00f6tt halvskinnband (ryggtext: &#8217;DIMMOR.&#8217;), exlibris fr\u00e4mre p\u00e4rms insida, &#8217;Premium&#8217;-etikett f\u00f6r namngiven elev vid Wexj\u00f6 H. Allm\u00e4nna L\u00e4roverk, l\u00e4se\u00e5ret 1894-95 f\u00f6rs\u00e4ttsblad, b\u00e4gge innerfalsarna spruckna n\u00e5gra centimeter uppe och nere men inlagan h\u00e5ller v\u00e4l ihop, sm\u00e5fl\u00e4ckig inlaga men st\u00f6rre genomg\u00e5ende s25-38, svag blyertsnotering s25.<\/p>\n","protected":false},"excerpt":{"rendered":"<p>Oscar L. Lamm 1865. F\u00f6rsta separata upplagan. 116s, n\u00f6tt halvskinnband (ryggtext: &#8217;DIMMOR.&#8217;), exlibris fr\u00e4mre p\u00e4rms insida, &#8217;Premium&#8217;-etikett f\u00f6r namngiven elev vid Wexj\u00f6 H. Allm\u00e4nna L\u00e4roverk, l\u00e4se\u00e5ret 1894-95 f\u00f6rs\u00e4ttsblad, b\u00e4gge innerfalsarna spruckna n\u00e5gra centimeter uppe och nere men inlagan h\u00e5ller v\u00e4l ihop, sm\u00e5fl\u00e4ckig inlaga men st\u00f6rre genomg\u00e5ende s25-38, svag blyertsnotering s25.<\/p>\n","protected":false},"featured_media":0,"template":"","meta":[],"product_brand":[],"product_cat":[15,75],"product_tag":[],"class_list":{"0":"post-2328","1":"product","2":"type-product","3":"status-publish","5":"product_cat-hela-lagret","6":"product_cat-ovrigt","8":"first","9":"instock","10":"sold-individually","11":"shipping-taxable","12":"purchasable","13":"product-type-simple"},"_links":{"self":[{"href":"https:\/\/olaisen.se\/deckarbiten\/wp-json\/wp\/v2\/product\/2328","targetHints":{"allow":["GET"]}}],"collection":[{"href":"https:\/\/olaisen.se\/deckarbiten\/wp-json\/wp\/v2\/product"}],"about":[{"href":"https:\/\/olaisen.se\/deckarbiten\/wp-json\/wp\/v2\/types\/product"}],"wp:attachment":[{"href":"https:\/\/olaisen.se\/deckarbiten\/wp-json\/wp\/v2\/media?parent=2328"}],"wp:term":[{"taxonomy":"product_brand","embeddable":true,"href":"https:\/\/olaisen.se\/deckarbiten\/wp-json\/wp\/v2\/product_brand?post=2328"},{"taxonomy":"product_cat","embeddable":true,"href":"https:\/\/olaisen.se\/deckarbiten\/wp-json\/wp\/v2\/product_cat?post=2328"},{"taxonomy":"product_tag","embeddable":true,"href":"https:\/\/olaisen.se\/deckarbiten\/wp-json\/wp\/v2\/product_tag?post=2328"}],"curies":[{"name":"wp","href":"https:\/\/api.w.org\/{rel}","templated":true}]}}